{"id":1011,"date":"2011-07-25T10:37:50","date_gmt":"2011-07-25T10:37:50","guid":{"rendered":"http:\/\/www.lecreis.org\/creis\/?page_id=1011"},"modified":"2025-04-09T13:13:52","modified_gmt":"2025-04-09T13:13:52","slug":"presentation-revue-terminal","status":"publish","type":"page","link":"https:\/\/www.lecreis.org\/?page_id=1011","title":{"rendered":"Pr\u00e9sentation Revue Terminal"},"content":{"rendered":"<h2>Technologie de l\u2019information, culture et soci\u00e9t\u00e9<\/h2>\n<p><em>Terminal<\/em>\u00a0est une revue de r\u00e9flexion critique sur les mutations de la soci\u00e9t\u00e9 \u00e0 partir de la question des nouvelles technologies de l\u2019information et du d\u00e9veloppement d&rsquo;Internet.<em>Terminal<\/em>\u00a0s\u2019attache \u00e0 une r\u00e9flexion pluridisciplinaire et transversale sur les enjeux culturels et sociaux des TIC (Technologies de l\u2019Information et de la Communication). Les dossiers de la revue sont ouverts \u00e0 la collaboration avec des associations, des laboratoires universitaires ou des chercheurs ind\u00e9pendants. Dans les num\u00e9ros r\u00e9cents, nous avons par exemple trait\u00e9 des enjeux de la privacit\u00e9, du d\u00e9veloppement durable et des TIC, et des pratiques du Web.<\/p>\n<p>Terminal s\u2019est dot\u00e9 d\u2019un Conseil scientifique pour avoir un regard ext\u00e9rieur et un retour sur sa propre \u00e9volution et mieux appr\u00e9hender la r\u00e9alit\u00e9 sociale des nouvelles technologies \u00e0 travers le prisme de la r\u00e9flexion scientifique ou de la pratique sociale<\/p>\n<p><a href=\"http:\/\/www.revue-terminal.org\"><strong>La revue Terminal est en libre acc\u00e8s sur la plateforme Revues.org.<\/strong><\/a><\/p>\n<p><strong><a href=\"http:\/\/www.revue-terminal.org\">Plus d&rsquo;informations sur le site de la revue<\/a><\/strong><br \/>\n<strong><a href=\"http:\/\/terminal.revues.org\/1034\">http:\/\/terminal.revues.org<\/a><\/strong><\/p>\n<p><a href=\"http:\/\/www.revue-terminal.org\">\u00a0<\/a><\/p>\n<p class=\"texte\">La revue <em>Terminal<\/em> est \u00e9dit\u00e9e par l\u2019association\u00a0<a href=\"http:\/\/www.lecreis.org\/\">CREIS-<\/a><a href=\"http:\/\/www.lecreis.org\/\"><em>Terminal<\/em><\/a>.<br \/>\nPr\u00e9sidente de CREIS-<em>Terminal<\/em>\u00a0: Genevi\u00e8ve Vidal.<br \/>\nDirecteur de la revue <em>Terminal<\/em>\u00a0: C\u00e9dric Gossart.<br \/>\nR\u00e9dactrice en chef\u00a0: Anne-France Kogan.<br \/>\nR\u00e9dacteur en chef\u00a0: Nicolas Jullien.<br \/>\nSecr\u00e9taire de r\u00e9daction : Jacques V\u00e9tois.<\/p>\n<div>\n<p><strong>Comit\u00e9 de r\u00e9daction<\/strong><\/p>\n<p><strong>M\u00e9lissa Boudes<\/strong> (Universit\u00e9 du Mans, France -Sciences de gestion)<br \/>\n<strong>Dominique Desbois<\/strong> (INRAE, France -Informatique)<br \/>\n<strong>M\u00e9lanie Dulong de Rosnay<\/strong> (CNRS, France -Sciences de l\u2019information et de la communication)<br \/>\n<strong>C\u00e9dric Gossart<\/strong> (CSIC, Espagne -Sciences de gestion)<br \/>\n<strong>L\u00e9o Joubert<\/strong> (Universit\u00e9 de Rouen Normandie, France -Sociologie)<br \/>\n<strong>Nicolas Jullien<\/strong> (IMT Atlantique, France -Sciences de gestion)<br \/>\n<strong>Anne-France Kogan<\/strong> (Universit\u00e9 de Rennes 2, France -Sciences de l\u2019information et de la communication)<br \/>\n<strong>Jo\u00ebl Langonn\u00e9<\/strong> (Universit\u00e9 Catholique de l&rsquo;Ouest, France &#8211; Sciences de l\u2019information et de la communication)<br \/>\n<strong>Daniel Naulleau<\/strong> (association CREIS-Terminal, France -Informatique)<br \/>\n<strong>Val\u00e8re Ndior<\/strong> (Universit\u00e9 de Bretagne Occidentale &amp; Institut Universitaire de France, France -Droit)<br \/>\n<strong>Bernard Prince<\/strong> (association CREIS-Terminal, France -Informatique)<br \/>\n<strong>Frans Rowe<\/strong> (Nantes Universit\u00e9, France -Sciences de gestion)<br \/>\n<strong>Jacques V\u00e9tois<\/strong> (association CREIS-Terminal, France -Informatique)<br \/>\n<strong>Genevi\u00e8ve Vidal<\/strong> (Universit\u00e9 Sorbonne-Paris-Nord, France -Sciences de l\u2019information et de la communication)<br \/>\n<strong>Robert Viseur<\/strong> (Universit\u00e9 de Mons, Belgique -Sciences de gestion)<br \/>\n<strong>Jean-Beno\u00eet Zimmermann<\/strong> (CNRS &amp; Aix-Marseille Universit\u00e9, France -Sciences \u00e9conomiques)<\/p>\n<\/div>\n<div>\n<p><strong>Adresse du comit\u00e9 de r\u00e9daction<\/strong><\/p>\n<p>24 rue de la Chine F-75020 Paris<\/p>\n<p>E-mail : redaction(chez)revue-terminal.org<\/p>\n<\/div>\n<div><\/div>\n","protected":false},"excerpt":{"rendered":"<p>Technologie de l\u2019information, culture et soci\u00e9t\u00e9 <\/p>\n<p>Terminal\u00a0est une revue de r\u00e9flexion critique sur les mutations de la soci\u00e9t\u00e9 \u00e0 partir de la question des nouvelles technologies de l\u2019information et du d\u00e9veloppement d&rsquo;Internet.Terminal\u00a0s\u2019attache \u00e0 une r\u00e9flexion pluridisciplinaire et transversale sur les enjeux culturels et sociaux des TIC (Technologies de l\u2019Information et de la Communication). Les dossiers &hellip; <\/p>\n<p><a class=\"more-link btn\" href=\"https:\/\/www.lecreis.org\/?page_id=1011\">Lire la suite<\/a><\/p>\n","protected":false},"author":4,"featured_media":0,"parent":0,"menu_order":0,"comment_status":"open","ping_status":"open","template":"","meta":{"footnotes":""},"class_list":["post-1011","page","type-page","status-publish","hentry","nodate","item-wrap"],"_links":{"self":[{"href":"https:\/\/www.lecreis.org\/index.php?rest_route=\/wp\/v2\/pages\/1011","targetHints":{"allow":["GET"]}}],"collection":[{"href":"https:\/\/www.lecreis.org\/index.php?rest_route=\/wp\/v2\/pages"}],"about":[{"href":"https:\/\/www.lecreis.org\/index.php?rest_route=\/wp\/v2\/types\/page"}],"author":[{"embeddable":true,"href":"https:\/\/www.lecreis.org\/index.php?rest_route=\/wp\/v2\/users\/4"}],"replies":[{"embeddable":true,"href":"https:\/\/www.lecreis.org\/index.php?rest_route=%2Fwp%2Fv2%2Fcomments&post=1011"}],"version-history":[{"count":18,"href":"https:\/\/www.lecreis.org\/index.php?rest_route=\/wp\/v2\/pages\/1011\/revisions"}],"predecessor-version":[{"id":3688,"href":"https:\/\/www.lecreis.org\/index.php?rest_route=\/wp\/v2\/pages\/1011\/revisions\/3688"}],"wp:attachment":[{"href":"https:\/\/www.lecreis.org\/index.php?rest_route=%2Fwp%2Fv2%2Fmedia&parent=1011"}],"curies":[{"name":"wp","href":"https:\/\/api.w.org\/{rel}","templated":true}]}}