{"id":1104,"date":"2022-02-21T12:32:00","date_gmt":"2022-02-21T12:32:00","guid":{"rendered":"http:\/\/www.lecreis.org\/creis\/?page_id=1104"},"modified":"2024-09-16T15:39:26","modified_gmt":"2024-09-16T15:39:26","slug":"incription-journees-detudes","status":"publish","type":"page","link":"https:\/\/www.lecreis.org\/?page_id=1104","title":{"rendered":"Inscription Journ\u00e9e d&rsquo;\u00e9tude : \u00ab\u00a0L\u2019intelligence artificielle g\u00e9n\u00e9rative et l\u2019enjeu des donn\u00e9es personnelles\u00bb"},"content":{"rendered":"\n<p><\/p>\n\n\n\n<p class=\"has-text-align-center\">Journ\u00e9e d&rsquo;\u00e9tude organis\u00e9e par CREIS-TERMINAL en partenariat avec le LabSIC-USPN<\/p>\n\n\n\n<p class=\"has-text-align-center\">Vendredi 29 novembre 2024, les capacit\u00e9s d&rsquo;accueil de la salle \u00e9tant atteintes, seule l&rsquo;inscription pour participation en ligne est maintenant possible<\/p>\n\n\n\n<div class=\"wpcf7 no-js\" id=\"wpcf7-f3560-o1\" lang=\"en-US\" dir=\"ltr\" data-wpcf7-id=\"3560\">\n<div class=\"screen-reader-response\"><p role=\"status\" aria-live=\"polite\" aria-atomic=\"true\"><\/p> <ul><\/ul><\/div>\n<form action=\"\/index.php?rest_route=%2Fwp%2Fv2%2Fpages%2F1104#wpcf7-f3560-o1\" method=\"post\" class=\"wpcf7-form init\" aria-label=\"Contact form\" novalidate=\"novalidate\" data-status=\"init\">\n<fieldset class=\"hidden-fields-container\"><input type=\"hidden\" name=\"_wpcf7\" value=\"3560\" \/><input type=\"hidden\" name=\"_wpcf7_version\" value=\"6.1.5\" \/><input type=\"hidden\" name=\"_wpcf7_locale\" value=\"en_US\" \/><input type=\"hidden\" name=\"_wpcf7_unit_tag\" value=\"wpcf7-f3560-o1\" \/><input type=\"hidden\" name=\"_wpcf7_container_post\" value=\"0\" \/><input type=\"hidden\" name=\"_wpcf7_posted_data_hash\" value=\"\" \/>\n<\/fieldset>\n<p><strong>Donn\u00e9es personnelles<\/strong>\n<\/p>\n<p>Nom et Pr\u00e9nom (*obligatoire)\n<\/p>\n<p><span class=\"wpcf7-form-control-wrap\" data-name=\"nom\"><input size=\"40\" maxlength=\"400\" class=\"wpcf7-form-control wpcf7-text wpcf7-validates-as-required\" aria-required=\"true\" aria-invalid=\"false\" placeholder=\"NOM Pr\u00e9nom\" value=\"\" type=\"text\" name=\"nom\" \/><\/span>\n<\/p>\n<p>email (*obligatoire)\n<\/p>\n<p><span class=\"wpcf7-form-control-wrap\" data-name=\"email\"><input size=\"40\" maxlength=\"400\" class=\"wpcf7-form-control wpcf7-email wpcf7-validates-as-required wpcf7-text wpcf7-validates-as-email\" aria-required=\"true\" aria-invalid=\"false\" value=\"\" type=\"email\" name=\"email\" \/><\/span>\n<\/p>\n<p>Adresse\n<\/p>\n<p><span class=\"wpcf7-form-control-wrap\" data-name=\"adresse\"><textarea cols=\"40\" rows=\"5\" maxlength=\"2000\" class=\"wpcf7-form-control wpcf7-textarea\" aria-invalid=\"false\" placeholder=\"Rue, B\u00e2timent, etc \/ Code Postal \/ Ville\" name=\"adresse\"><\/textarea><\/span>\n<\/p>\n<p>T\u00e9l\u00e9phone (*obligatoire) <span class=\"wpcf7-form-control-wrap\" data-name=\"telephone\"><input size=\"15\" maxlength=\"15\" class=\"wpcf7-form-control wpcf7-text wpcf7-validates-as-required\" aria-required=\"true\" aria-invalid=\"false\" value=\"\" type=\"text\" name=\"telephone\" \/><\/span>\n<\/p>\n<p>Blog personnel\n<\/p>\n<p><span class=\"wpcf7-form-control-wrap\" data-name=\"blog\"><input size=\"40\" maxlength=\"400\" class=\"wpcf7-form-control wpcf7-text\" aria-invalid=\"false\" value=\"http:\/\/\" type=\"text\" name=\"blog\" \/><\/span>\n<\/p>\n<p>Etes vous Adh\u00e9rent \u00e0 CREIS-Terminal ? (*obligatoire)\n<\/p>\n<p><span class=\"wpcf7-form-control-wrap\" data-name=\"adherent\"><span class=\"wpcf7-form-control wpcf7-checkbox wpcf7-validates-as-required wpcf7-exclusive-checkbox\"><span class=\"wpcf7-list-item first\"><span class=\"wpcf7-list-item-label\">Oui<\/span><input type=\"checkbox\" name=\"adherent\" value=\"Oui\" \/><\/span><span class=\"wpcf7-list-item last\"><span class=\"wpcf7-list-item-label\">Non<\/span><input type=\"checkbox\" name=\"adherent\" value=\"Non\" \/><\/span><\/span><\/span>\n<\/p>\n<p>---------------------------------------------------------------------------\n<\/p>\n<p><strong>Adresse professionnelle :<\/strong>\n<\/p>\n<p>Titre ou fonction (*obligatoire)\n<\/p>\n<p><span class=\"wpcf7-form-control-wrap\" data-name=\"fonction\"><input size=\"40\" maxlength=\"400\" class=\"wpcf7-form-control wpcf7-text wpcf7-validates-as-required\" aria-required=\"true\" aria-invalid=\"false\" value=\"\" type=\"text\" name=\"fonction\" \/><\/span>\n<\/p>\n<p>Organisme ou entreprise\n<\/p>\n<p><span class=\"wpcf7-form-control-wrap\" data-name=\"entreprise\"><input size=\"40\" maxlength=\"400\" class=\"wpcf7-form-control wpcf7-text\" aria-invalid=\"false\" value=\"\" type=\"text\" name=\"entreprise\" \/><\/span>\n<\/p>\n<p>email professionnel\n<\/p>\n<p><span class=\"wpcf7-form-control-wrap\" data-name=\"email-pro\"><input size=\"40\" maxlength=\"400\" class=\"wpcf7-form-control wpcf7-email wpcf7-text wpcf7-validates-as-email\" aria-invalid=\"false\" value=\"\" type=\"email\" name=\"email-pro\" \/><\/span>\n<\/p>\n<p>Adresse\n<\/p>\n<p><span class=\"wpcf7-form-control-wrap\" data-name=\"adresse-pro\"><textarea cols=\"40\" rows=\"5\" maxlength=\"2000\" class=\"wpcf7-form-control wpcf7-textarea\" aria-invalid=\"false\" placeholder=\"Rue, Batiment, etc \/ Code Postal Cedex\/ Ville\" name=\"adresse-pro\"><\/textarea><\/span>\n<\/p>\n<p>T\u00e9l\u00e9phone <span class=\"wpcf7-form-control-wrap\" data-name=\"telephone-pro\"><input size=\"15\" maxlength=\"15\" class=\"wpcf7-form-control wpcf7-text\" aria-invalid=\"false\" value=\"\" type=\"text\" name=\"telephone-pro\" \/><\/span>\n<\/p>\n<p>Site internet\n<\/p>\n<p><span class=\"wpcf7-form-control-wrap\" data-name=\"site\"><input size=\"40\" maxlength=\"400\" class=\"wpcf7-form-control wpcf7-text\" aria-invalid=\"false\" value=\"http:\/\/\" type=\"text\" name=\"site\" \/><\/span>\n<\/p>\n<p>Remarques\n<\/p>\n<p><span class=\"wpcf7-form-control-wrap\" data-name=\"remarques\"><textarea cols=\"40\" rows=\"10\" maxlength=\"2000\" class=\"wpcf7-form-control wpcf7-textarea\" aria-invalid=\"false\" placeholder=\"Si vous avez d&#039;autres remarques ou questions \u00e0 formuler\" name=\"remarques\"><\/textarea><\/span>\n<\/p>\n<p>Afin d'\u00e9viter les spams et autres robots, veuillez reproduire le code indiqu\u00e9 ci-dessous, puis cliquez sur ENVOYER\n<\/p>\n<p><input type=\"hidden\" name=\"_wpcf7_captcha_challenge_captcha-78\" value=\"1812290564\" \/><img loading=\"lazy\" decoding=\"async\" class=\"wpcf7-form-control wpcf7-captchac wpcf7-captcha-captcha-78\" width=\"84\" height=\"28\" alt=\"captcha\" src=\"https:\/\/www.lecreis.org\/creis\/wp-content\/uploads\/wpcf7_captcha\/1812290564.png\" \/><span class=\"wpcf7-form-control-wrap\" data-name=\"captcha-78\"><input size=\"4\" maxlength=\"4\" class=\"wpcf7-form-control wpcf7-captchar\" autocomplete=\"off\" aria-invalid=\"false\" value=\"\" type=\"text\" name=\"captcha-78\" \/><\/span>\n<\/p>\n<p><input class=\"wpcf7-form-control wpcf7-submit has-spinner\" type=\"submit\" value=\"Envoyer\" \/>\n<\/p><p style=\"display: none !important;\" class=\"akismet-fields-container\" data-prefix=\"_wpcf7_ak_\"><label>&#916;<textarea name=\"_wpcf7_ak_hp_textarea\" cols=\"45\" rows=\"8\" maxlength=\"100\"><\/textarea><\/label><input type=\"hidden\" id=\"ak_js_1\" name=\"_wpcf7_ak_js\" value=\"86\"\/><script>document.getElementById( \"ak_js_1\" ).setAttribute( \"value\", ( new Date() ).getTime() );<\/script><\/p><div class=\"wpcf7-response-output\" aria-hidden=\"true\"><\/div>\n<\/form>\n<\/div>\n\n\n\n\n<p><\/p>\n","protected":false},"excerpt":{"rendered":"<\/p>\n<p class=\"has-text-align-center\">Journ\u00e9e d&rsquo;\u00e9tude organis\u00e9e par CREIS-TERMINAL en partenariat avec le LabSIC-USPN<\/p>\n<p class=\"has-text-align-center\">Vendredi 29 novembre 2024, les capacit\u00e9s d&rsquo;accueil de la salle \u00e9tant atteintes, seule l&rsquo;inscription pour participation en ligne est maintenant possible<\/p><\/p>\n","protected":false},"author":4,"featured_media":0,"parent":0,"menu_order":0,"comment_status":"open","ping_status":"open","template":"","meta":{"footnotes":""},"class_list":["post-1104","page","type-page","status-publish","hentry","nodate","item-wrap"],"_links":{"self":[{"href":"https:\/\/www.lecreis.org\/index.php?rest_route=\/wp\/v2\/pages\/1104","targetHints":{"allow":["GET"]}}],"collection":[{"href":"https:\/\/www.lecreis.org\/index.php?rest_route=\/wp\/v2\/pages"}],"about":[{"href":"https:\/\/www.lecreis.org\/index.php?rest_route=\/wp\/v2\/types\/page"}],"author":[{"embeddable":true,"href":"https:\/\/www.lecreis.org\/index.php?rest_route=\/wp\/v2\/users\/4"}],"replies":[{"embeddable":true,"href":"https:\/\/www.lecreis.org\/index.php?rest_route=%2Fwp%2Fv2%2Fcomments&post=1104"}],"version-history":[{"count":37,"href":"https:\/\/www.lecreis.org\/index.php?rest_route=\/wp\/v2\/pages\/1104\/revisions"}],"predecessor-version":[{"id":3644,"href":"https:\/\/www.lecreis.org\/index.php?rest_route=\/wp\/v2\/pages\/1104\/revisions\/3644"}],"wp:attachment":[{"href":"https:\/\/www.lecreis.org\/index.php?rest_route=%2Fwp%2Fv2%2Fmedia&parent=1104"}],"curies":[{"name":"wp","href":"https:\/\/api.w.org\/{rel}","templated":true}]}}