{"id":1119,"date":"2011-08-02T13:39:51","date_gmt":"2011-08-02T13:39:51","guid":{"rendered":"http:\/\/www.lecreis.org\/creis\/?page_id=1119"},"modified":"2014-03-18T13:13:14","modified_gmt":"2014-03-18T13:13:14","slug":"inscription-colloques","status":"publish","type":"page","link":"https:\/\/www.lecreis.org\/?page_id=1119","title":{"rendered":"Inscription colloques"},"content":{"rendered":"<h2><span style=\"font-size: medium;\">Formulaire d&rsquo;inscription colloque CREIS-Terminal \/ Registration Form<\/span><\/h2>\n<p>Formulaire \u00e0 compl\u00e9ter, en joignant un ch\u00e8que \u00e0 l\u2019ordre de CREIS-Terminal ou un bon de commande \u00e0 l\u2019adresse suivante :<\/p>\n<p>Maurice Liscou\u00ebt Tr\u00e9sorier<br \/>\nCREIS -Terminal<br \/>\n20 rue des Iris<br \/>\n44980 Sainte-Luce-sur-Loire<\/p>\n<table frame=\"border\">\n<tbody>\n<tr>\n<td><\/td>\n<td>Avant le (20 mars)<br \/>\n<em>Before (20 March) <\/em><\/td>\n<td>Apr\u00e8s (20 mars)<br \/>\n<em>After (20 March)<\/em><\/td>\n<\/tr>\n<tr>\n<td>Inscription individuelle: chercheur, enseignant, \u2026<br \/>\n<em>Personal fee<\/em><\/td>\n<td>110 Euros<\/td>\n<td>130 Euros<\/td>\n<\/tr>\n<tr>\n<td>Entreprise, Institution<br \/>\n<em>Institution fee<\/em><\/td>\n<td>300 Euros<\/td>\n<td>400 Euros<\/td>\n<\/tr>\n<tr>\n<td>Membre CREIS-Terminal, senior,<br \/>\nIntervenant<br \/>\n<em>Member, senior, Speaker<\/em><\/td>\n<td>70 Euros<\/td>\n<td>80 Euros<\/td>\n<\/tr>\n<tr>\n<td>Etudiant, Professeur du secondaire, RSA,<br \/>\n\u2026 (Attestation n\u00e9cessaire)<br \/>\n<em>Student, School teacher(Status proof<\/em><br \/>\n<em>required)<\/em><\/td>\n<td>25 Euros<\/td>\n<td>25 Euros<\/td>\n<\/tr>\n<tr>\n<td>Soir\u00e9e (Visite guid\u00e9e de Nantes) et Restaurant,<br \/>\n<em>Dinner <\/em>(*)<\/td>\n<td>40 Euros<\/td>\n<td>40 Euros<\/td>\n<\/tr>\n<\/tbody>\n<\/table>\n<p>L&rsquo;inscription inclue les d\u00e9jeuners.<br \/>\n(*) par personne \/ <em>per person<\/em><\/p>\n\n<div class=\"wpcf7 no-js\" id=\"wpcf7-f2873-o1\" lang=\"en-US\" dir=\"ltr\" data-wpcf7-id=\"2873\">\n<div class=\"screen-reader-response\"><p role=\"status\" aria-live=\"polite\" aria-atomic=\"true\"><\/p> <ul><\/ul><\/div>\n<form action=\"\/index.php?rest_route=%2Fwp%2Fv2%2Fpages%2F1119#wpcf7-f2873-o1\" method=\"post\" class=\"wpcf7-form init\" aria-label=\"Contact form\" novalidate=\"novalidate\" data-status=\"init\">\n<fieldset class=\"hidden-fields-container\"><input type=\"hidden\" name=\"_wpcf7\" value=\"2873\" \/><input type=\"hidden\" name=\"_wpcf7_version\" value=\"6.1.5\" \/><input type=\"hidden\" name=\"_wpcf7_locale\" value=\"en_US\" \/><input type=\"hidden\" name=\"_wpcf7_unit_tag\" value=\"wpcf7-f2873-o1\" \/><input type=\"hidden\" name=\"_wpcf7_container_post\" value=\"0\" \/><input type=\"hidden\" name=\"_wpcf7_posted_data_hash\" value=\"\" \/>\n<\/fieldset>\n<p>Nom (<em>Last Name<\/em>) *\n<\/p>\n<p><span class=\"wpcf7-form-control-wrap\" data-name=\"nom\"><input size=\"40\" maxlength=\"400\" class=\"wpcf7-form-control wpcf7-text wpcf7-validates-as-required\" aria-required=\"true\" aria-invalid=\"false\" value=\"\" type=\"text\" name=\"nom\" \/><\/span>\n<\/p>\n<p>Pr\u00e9nom (<em>First Name<\/em>) *\n<\/p>\n<p><span class=\"wpcf7-form-control-wrap\" data-name=\"prenom\"><input size=\"40\" maxlength=\"400\" class=\"wpcf7-form-control wpcf7-text wpcf7-validates-as-required\" aria-required=\"true\" aria-invalid=\"false\" value=\"\" type=\"text\" name=\"prenom\" \/><\/span>\n<\/p>\n<p>Organisme (<em>Company<\/em>)\n<\/p>\n<p><span class=\"wpcf7-form-control-wrap\" data-name=\"entreprise\"><input size=\"40\" maxlength=\"400\" class=\"wpcf7-form-control wpcf7-text\" aria-invalid=\"false\" value=\"\" type=\"text\" name=\"entreprise\" \/><\/span>\n<\/p>\n<p>Adresse (<em>Address<\/em>) *\n<\/p>\n<p><span class=\"wpcf7-form-control-wrap\" data-name=\"adresse\"><textarea cols=\"40\" rows=\"5\" maxlength=\"2000\" class=\"wpcf7-form-control wpcf7-textarea wpcf7-validates-as-required\" aria-required=\"true\" aria-invalid=\"false\" name=\"adresse\"><\/textarea><\/span>\n<\/p>\n<p>T\u00e9l\u00e9phone (<em>Phone<\/em>) * <span class=\"wpcf7-form-control-wrap\" data-name=\"telephone\"><input size=\"15\" maxlength=\"15\" class=\"wpcf7-form-control wpcf7-text wpcf7-validates-as-required\" aria-required=\"true\" aria-invalid=\"false\" value=\"\" type=\"text\" name=\"telephone\" \/><\/span>\n<\/p>\n<p>M\u00e9l (<em>Email<\/em>) *\n<\/p>\n<p><span class=\"wpcf7-form-control-wrap\" data-name=\"email\"><input size=\"40\" maxlength=\"400\" class=\"wpcf7-form-control wpcf7-email wpcf7-validates-as-required wpcf7-text wpcf7-validates-as-email\" aria-required=\"true\" aria-invalid=\"false\" value=\"\" type=\"email\" name=\"email\" \/><\/span>\n<\/p>\n<p>Je souhaite participer \u00e0 la soir\u00e9e du 3 avril\n<\/p>\n<p><span class=\"wpcf7-form-control-wrap\" data-name=\"radio-765\"><span class=\"wpcf7-form-control wpcf7-radio\"><span class=\"wpcf7-list-item first\"><span class=\"wpcf7-list-item-label\">Oui<\/span><input type=\"radio\" name=\"radio-765\" value=\"Oui\" \/><\/span><span class=\"wpcf7-list-item last\"><span class=\"wpcf7-list-item-label\">Non<\/span><input type=\"radio\" name=\"radio-765\" value=\"Non\" \/><\/span><\/span><\/span>\n<\/p>\n<p>accompagn\u00e9 de <span class=\"wpcf7-form-control-wrap\" data-name=\"nbper\"><input size=\"2\" maxlength=\"2\" class=\"wpcf7-form-control wpcf7-text\" aria-invalid=\"false\" value=\"X\" type=\"text\" name=\"nbper\" \/><\/span> personnes(s)<br \/>\nI will attend the dinner on april 3th accompagned by X person(s)\n<\/p>\n<p><span class=\"wpcf7-form-control-wrap\" data-name=\"cotisation\"><span class=\"wpcf7-form-control wpcf7-checkbox wpcf7-exclusive-checkbox\"><\/span><\/span>Je certifie \u00eatre \u00e0 jour de ma cotisation 2014 de CREIS-Terminal (tarif membre) <span class=\"wpcf7-form-control-wrap\" data-name=\"radio-766\"><span class=\"wpcf7-form-control wpcf7-radio\"><span class=\"wpcf7-list-item first\"><span class=\"wpcf7-list-item-label\">Oui<\/span><input type=\"radio\" name=\"radio-766\" value=\"Oui\" \/><\/span><span class=\"wpcf7-list-item last\"><span class=\"wpcf7-list-item-label\">Non<\/span><input type=\"radio\" name=\"radio-766\" value=\"Non\" \/><\/span><\/span><\/span>\n<\/p>\n<p>Je paie <span class=\"wpcf7-form-control-wrap\" data-name=\"paiement-total\"><input size=\"4\" maxlength=\"4\" class=\"wpcf7-form-control wpcf7-text\" aria-invalid=\"false\" value=\"\" type=\"text\" name=\"paiement-total\" \/><\/span> \u20ac net de frais bancaires par (<em>I will pay in Euros, bank charges are at my expense<\/em>) :\n<\/p>\n<p><span class=\"wpcf7-form-control-wrap\" data-name=\"paiement\"><span class=\"wpcf7-form-control wpcf7-radio\"><span class=\"wpcf7-list-item first\"><input type=\"radio\" name=\"paiement\" value=\"Ch\u00e8que postal ou bancaire, ci-joint \u00e0 l&#039;ordre du CREIS-Terminal (cheque or postal order enclosed payable to CREIS-Terminal)\" \/><span class=\"wpcf7-list-item-label\">Ch\u00e8que postal ou bancaire, ci-joint \u00e0 l&#039;ordre du CREIS-Terminal (cheque or postal order enclosed payable to CREIS-Terminal)<\/span><\/span><span class=\"wpcf7-list-item\"><input type=\"radio\" name=\"paiement\" value=\"Virement postal ou bancaire \u00e0 l&#039;ordre du CREIS-Terminal (postal\/bank draft payable to CREIS-Terminal)\" \/><span class=\"wpcf7-list-item-label\">Virement postal ou bancaire \u00e0 l&#039;ordre du CREIS-Terminal (postal\/bank draft payable to CREIS-Terminal)<\/span><\/span><span class=\"wpcf7-list-item last\"><input type=\"radio\" name=\"paiement\" value=\"Bon de commande administratif \u00e0 l&#039;ordre du CREIS-Terminal\" \/><span class=\"wpcf7-list-item-label\">Bon de commande administratif \u00e0 l&#039;ordre du CREIS-Terminal<\/span><\/span><\/span><\/span>\n<\/p>\n<p>Date *<br \/>\n<span class=\"wpcf7-form-control-wrap\" data-name=\"datej\"><input size=\"8\" maxlength=\"8\" class=\"wpcf7-form-control wpcf7-text wpcf7-validates-as-required\" aria-required=\"true\" aria-invalid=\"false\" placeholder=\"JJMMAAAA\" value=\"\" type=\"text\" name=\"datej\" \/><\/span>\n<\/p>\n<p>Adresse de facturation si diff\u00e9rente de celle ci-dessus (<em>Address for the invoice if different from above<\/em>)\n<\/p>\n<p><span class=\"wpcf7-form-control-wrap\" data-name=\"adresse2\"><textarea cols=\"40\" rows=\"5\" maxlength=\"2000\" class=\"wpcf7-form-control wpcf7-textarea\" aria-invalid=\"false\" name=\"adresse2\"><\/textarea><\/span>\n<\/p>\n<p>J'accepte que<br \/>\n<span class=\"wpcf7-form-control-wrap\" data-name=\"vie-privee\"><span class=\"wpcf7-form-control wpcf7-checkbox\"><span class=\"wpcf7-list-item first\"><span class=\"wpcf7-list-item-label\">mon nom,<\/span><input type=\"checkbox\" name=\"vie-privee[]\" value=\"mon nom,\" \/><\/span><span class=\"wpcf7-list-item\"><span class=\"wpcf7-list-item-label\">mon institution,<\/span><input type=\"checkbox\" name=\"vie-privee[]\" value=\"mon institution,\" \/><\/span><span class=\"wpcf7-list-item last\"><span class=\"wpcf7-list-item-label\">mon m\u00e9l<\/span><input type=\"checkbox\" name=\"vie-privee[]\" value=\"mon m\u00e9l\" \/><\/span><\/span><\/span><br \/>\nsoient port\u00e9s sur la liste des participants\n<\/p>\n<p>Afin d'\u00e9viter les spams et autres robots, veuillez reproduire le code indiqu\u00e9 ci-dessous, puis cliquez sur ENVOYER\n<\/p>\n<p><input type=\"hidden\" name=\"_wpcf7_captcha_challenge_captcha-776\" value=\"736771127\" \/><img loading=\"lazy\" decoding=\"async\" class=\"wpcf7-form-control wpcf7-captchac wpcf7-captcha-captcha-776\" width=\"84\" height=\"28\" alt=\"captcha\" src=\"https:\/\/www.lecreis.org\/creis\/wp-content\/uploads\/wpcf7_captcha\/736771127.png\" \/><span class=\"wpcf7-form-control-wrap\" data-name=\"captcha-776\"><input size=\"4\" maxlength=\"4\" class=\"wpcf7-form-control wpcf7-captchar\" autocomplete=\"off\" aria-invalid=\"false\" value=\"\" type=\"text\" name=\"captcha-776\" \/><\/span>\n<\/p>\n<p><input class=\"wpcf7-form-control wpcf7-submit has-spinner\" type=\"submit\" value=\"Envoyer\" \/>\n<\/p><p style=\"display: none !important;\" class=\"akismet-fields-container\" data-prefix=\"_wpcf7_ak_\"><label>&#916;<textarea name=\"_wpcf7_ak_hp_textarea\" cols=\"45\" rows=\"8\" maxlength=\"100\"><\/textarea><\/label><input type=\"hidden\" id=\"ak_js_1\" name=\"_wpcf7_ak_js\" value=\"225\"\/><script>document.getElementById( \"ak_js_1\" ).setAttribute( \"value\", ( new Date() ).getTime() );<\/script><\/p><div class=\"wpcf7-response-output\" aria-hidden=\"true\"><\/div>\n<\/form>\n<\/div>\n\n<p>L&rsquo;inscription donne droit :<br \/>\n&#8211; \u00e0 la participation aux conf\u00e9rences ;<br \/>\n&#8211; aux 2 repas ;<br \/>\n&#8211; aux pauses-caf\u00e9.<br \/>\nLes actes du colloque seront mis en ligne sur le site Web CREIS-Terminal.<br \/>\nUne publication est envisag\u00e9e dans un num\u00e9ro de la revue Terminal.<br \/>\nL\u2019inscription sera confirm\u00e9e par une facture.<br \/>\nLes annulations ne donneront droit \u00e0 un remboursement de 50% que si elles parviennent par \u00e9crit avant le 23 mars.<\/p>\n<p><em>La loi fran\u00e7aise du 06\/01\/78 donne un droit d&rsquo;acc\u00e8s au fichier informatique mis en oeuvre pour l&rsquo;organisation du colloque.<br \/>\nS&rsquo;adresser au secr\u00e9tariat pour l&rsquo;exercice de ce droit.<br \/>\n<\/em><\/p>\n<p><a href=\"http:\/\/www.lecreis.org\/creis\/wp-content\/uploads\/pictos-drapeau-us-uk.png\"><img loading=\"lazy\" decoding=\"async\" class=\"alignleft size-full wp-image-1348\" title=\"pictos-drapeau-us-uk\" alt=\"\" src=\"http:\/\/www.lecreis.org\/creis\/wp-content\/uploads\/pictos-drapeau-us-uk.png\" width=\"39\" height=\"27\" \/><\/a>Participation fees includes:<br \/>\n&#8211; attendance at the conference ;<br \/>\n&#8211; 2 lunches ;<br \/>\n&#8211; coffee-breaks.<br \/>\nProceedings : Web site CREIS-Terminal and publication Terminal.<br \/>\nFollowing registration, you will receive an invoice.<br \/>\nCancellation&rsquo;s refunds of 50% will be made if a written request is received before 23 March.<\/p>\n<p><em>French law provides a right of access to files used for the colloquium. Contact the secretariat<\/em><\/p>\n","protected":false},"excerpt":{"rendered":"<p>Formulaire d&rsquo;inscription colloque CREIS-Terminal \/ Registration Form <\/p>\n<p>Formulaire \u00e0 compl\u00e9ter, en joignant un ch\u00e8que \u00e0 l\u2019ordre de CREIS-Terminal ou un bon de commande \u00e0 l\u2019adresse suivante :<\/p>\n<p>Maurice Liscou\u00ebt Tr\u00e9sorier CREIS -Terminal 20 rue des Iris 44980 Sainte-Luce-sur-Loire<\/p>\n<p> Avant le (20 mars) Before (20 March) Apr\u00e8s (20 mars) After (20 March) Inscription individuelle: chercheur, enseignant, &hellip; <\/p>\n<p><a class=\"more-link btn\" href=\"https:\/\/www.lecreis.org\/?page_id=1119\">Lire la suite<\/a><\/p>\n","protected":false},"author":4,"featured_media":0,"parent":0,"menu_order":0,"comment_status":"open","ping_status":"open","template":"","meta":{"footnotes":""},"class_list":["post-1119","page","type-page","status-publish","hentry","nodate","item-wrap"],"_links":{"self":[{"href":"https:\/\/www.lecreis.org\/index.php?rest_route=\/wp\/v2\/pages\/1119","targetHints":{"allow":["GET"]}}],"collection":[{"href":"https:\/\/www.lecreis.org\/index.php?rest_route=\/wp\/v2\/pages"}],"about":[{"href":"https:\/\/www.lecreis.org\/index.php?rest_route=\/wp\/v2\/types\/page"}],"author":[{"embeddable":true,"href":"https:\/\/www.lecreis.org\/index.php?rest_route=\/wp\/v2\/users\/4"}],"replies":[{"embeddable":true,"href":"https:\/\/www.lecreis.org\/index.php?rest_route=%2Fwp%2Fv2%2Fcomments&post=1119"}],"version-history":[{"count":27,"href":"https:\/\/www.lecreis.org\/index.php?rest_route=\/wp\/v2\/pages\/1119\/revisions"}],"predecessor-version":[{"id":2002,"href":"https:\/\/www.lecreis.org\/index.php?rest_route=\/wp\/v2\/pages\/1119\/revisions\/2002"}],"wp:attachment":[{"href":"https:\/\/www.lecreis.org\/index.php?rest_route=%2Fwp%2Fv2%2Fmedia&parent=1119"}],"curies":[{"name":"wp","href":"https:\/\/api.w.org\/{rel}","templated":true}]}}