{"id":519,"date":"2011-07-16T08:18:39","date_gmt":"2011-07-16T08:18:39","guid":{"rendered":"http:\/\/www.lecreis.org\/creis\/?page_id=519"},"modified":"2022-02-23T22:14:56","modified_gmt":"2022-02-23T22:14:56","slug":"adhesion-a-creis-terminal","status":"publish","type":"page","link":"https:\/\/www.lecreis.org\/?page_id=519","title":{"rendered":"Adh\u00e9sion \u00e0 CREIS-Terminal"},"content":{"rendered":"<h2>Bulletin d&rsquo;adh\u00e9sion<\/h2>\n<p>Pour adh\u00e9rer \u00e0 l&rsquo;association CREIS-Terminal, il vous suffit de remplir correctement le formulaire suivant, apr\u00e8s avoir consult\u00e9 les <a href=\"\/?page_id=1001\">statuts<\/a> et d&rsquo;envoyer un ch\u00e8que \u00e0 l&rsquo;adresse pr\u00e9cis\u00e9e.<\/p>\n<p>Pour obtenir plus d&rsquo;informations, vous pouvez envoyer un <a href=\"mailto:contact@lecreis.org\">mail<\/a> \u00e0 l&rsquo;association.<\/p>\n<p><span style=\"text-decoration: underline;\">Modalit\u00e9s d&rsquo;inscription<\/span><\/p>\n\n<div class=\"wpcf7 no-js\" id=\"wpcf7-f2872-o1\" lang=\"en-US\" dir=\"ltr\" data-wpcf7-id=\"2872\">\n<div class=\"screen-reader-response\"><p role=\"status\" aria-live=\"polite\" aria-atomic=\"true\"><\/p> <ul><\/ul><\/div>\n<form action=\"\/index.php?rest_route=%2Fwp%2Fv2%2Fpages%2F519#wpcf7-f2872-o1\" method=\"post\" class=\"wpcf7-form init\" aria-label=\"Contact form\" novalidate=\"novalidate\" data-status=\"init\">\n<fieldset class=\"hidden-fields-container\"><input type=\"hidden\" name=\"_wpcf7\" value=\"2872\" \/><input type=\"hidden\" name=\"_wpcf7_version\" value=\"6.1.5\" \/><input type=\"hidden\" name=\"_wpcf7_locale\" value=\"en_US\" \/><input type=\"hidden\" name=\"_wpcf7_unit_tag\" value=\"wpcf7-f2872-o1\" \/><input type=\"hidden\" name=\"_wpcf7_container_post\" value=\"0\" \/><input type=\"hidden\" name=\"_wpcf7_posted_data_hash\" value=\"\" \/>\n<\/fieldset>\n<p>Nom et Pr\u00e9nom (* obligatoire)\n<\/p>\n<p><span class=\"wpcf7-form-control-wrap\" data-name=\"nom\"><input size=\"40\" maxlength=\"400\" class=\"wpcf7-form-control wpcf7-text wpcf7-validates-as-required\" aria-required=\"true\" aria-invalid=\"false\" placeholder=\"NOM Pr\u00e9nom\" value=\"\" type=\"text\" name=\"nom\" \/><\/span>\n<\/p>\n<p>email (* obligatoire)\n<\/p>\n<p><span class=\"wpcf7-form-control-wrap\" data-name=\"email\"><input size=\"40\" maxlength=\"400\" class=\"wpcf7-form-control wpcf7-email wpcf7-validates-as-required wpcf7-text wpcf7-validates-as-email\" aria-required=\"true\" aria-invalid=\"false\" value=\"\" type=\"email\" name=\"email\" \/><\/span>\n<\/p>\n<p>Adresse personnelle\n<\/p>\n<p><span class=\"wpcf7-form-control-wrap\" data-name=\"adresse\"><textarea cols=\"40\" rows=\"5\" maxlength=\"2000\" class=\"wpcf7-form-control wpcf7-textarea\" aria-invalid=\"false\" placeholder=\"Rue \/ Code Postal \/ Ville\" name=\"adresse\"><\/textarea><\/span>\n<\/p>\n<p>T\u00e9l\u00e9phone (* obligatoire)\n<\/p>\n<p><span class=\"wpcf7-form-control-wrap\" data-name=\"telephone\"><input size=\"40\" maxlength=\"400\" class=\"wpcf7-form-control wpcf7-text\" aria-invalid=\"false\" value=\"\" type=\"text\" name=\"telephone\" \/><\/span>\n<\/p>\n<p>Titre ou fonction (* obligatoire)\n<\/p>\n<p><span class=\"wpcf7-form-control-wrap\" data-name=\"fonction\"><input size=\"40\" maxlength=\"400\" class=\"wpcf7-form-control wpcf7-text wpcf7-validates-as-required\" aria-required=\"true\" aria-invalid=\"false\" value=\"\" type=\"text\" name=\"fonction\" \/><\/span>\n<\/p>\n<p>Institution \/ Organisme\n<\/p>\n<p><span class=\"wpcf7-form-control-wrap\" data-name=\"organisme\"><input size=\"40\" maxlength=\"400\" class=\"wpcf7-form-control wpcf7-text\" aria-invalid=\"false\" value=\"\" type=\"text\" name=\"organisme\" \/><\/span>\n<\/p>\n<p>Adresse professionnelle\n<\/p>\n<p><span class=\"wpcf7-form-control-wrap\" data-name=\"adresse-pro\"><textarea cols=\"40\" rows=\"4\" maxlength=\"2000\" class=\"wpcf7-form-control wpcf7-textarea\" aria-invalid=\"false\" name=\"adresse-pro\"><\/textarea><\/span>\n<\/p>\n<p>T\u00e9l\u00e9phone professionnel\n<\/p>\n<p><span class=\"wpcf7-form-control-wrap\" data-name=\"telephone-pro\"><input size=\"40\" maxlength=\"400\" class=\"wpcf7-form-control wpcf7-text\" aria-invalid=\"false\" value=\"\" type=\"text\" name=\"telephone-pro\" \/><\/span>\n<\/p>\n<p>Site \/ Blog\n<\/p>\n<p><span class=\"wpcf7-form-control-wrap\" data-name=\"site\"><input size=\"40\" maxlength=\"400\" class=\"wpcf7-form-control wpcf7-text\" aria-invalid=\"false\" value=\"http:\/\/\" type=\"text\" name=\"site\" \/><\/span>\n<\/p>\n<p><span class=\"wpcf7-form-control-wrap\" data-name=\"adhesion\"><span class=\"wpcf7-form-control wpcf7-radio\"><span class=\"wpcf7-list-item first\"><label><input type=\"radio\" name=\"adhesion\" value=\"Adh\u00e9sion individuelle pour un an (20 \u20ac)\" \/><span class=\"wpcf7-list-item-label\">Adh\u00e9sion individuelle pour un an (20 \u20ac)<\/span><\/label><\/span><span class=\"wpcf7-list-item\"><label><input type=\"radio\" name=\"adhesion\" value=\"Adh\u00e9sion individuelle \u00e9tudiant pour un an (5 \u20ac - joindre photocopie carte \u00e9tudiant)\" \/><span class=\"wpcf7-list-item-label\">Adh\u00e9sion individuelle \u00e9tudiant pour un an (5 \u20ac - joindre photocopie carte \u00e9tudiant)<\/span><\/label><\/span><span class=\"wpcf7-list-item\"><label><input type=\"radio\" name=\"adhesion\" value=\"Adh\u00e9sion individuelle pour deux ans (30 \u20ac)\" \/><span class=\"wpcf7-list-item-label\">Adh\u00e9sion individuelle pour deux ans (30 \u20ac)<\/span><\/label><\/span><span class=\"wpcf7-list-item\"><label><input type=\"radio\" name=\"adhesion\" value=\"Financement d&#039;un organisme pour un an (40 \u20ac)\" \/><span class=\"wpcf7-list-item-label\">Financement d&#039;un organisme pour un an (40 \u20ac)<\/span><\/label><\/span><span class=\"wpcf7-list-item last\"><label><input type=\"radio\" name=\"adhesion\" value=\"Financement d&#039;un organisme pour deux ans 70 \u20ac\" \/><span class=\"wpcf7-list-item-label\">Financement d&#039;un organisme pour deux ans 70 \u20ac<\/span><\/label><\/span><\/span><\/span>\n<\/p>\n<p><span class=\"wpcf7-form-control-wrap\" data-name=\"paiement\"><span class=\"wpcf7-form-control wpcf7-radio\"><span class=\"wpcf7-list-item first\"><input type=\"radio\" name=\"paiement\" value=\"Je joindrai un ch\u00e8que \u00e9tabli \u00e0 l&#039;ordre du CREIS-Terminal\" \/><span class=\"wpcf7-list-item-label\">Je joindrai un ch\u00e8que \u00e9tabli \u00e0 l&#039;ordre du CREIS-Terminal<\/span><\/span><span class=\"wpcf7-list-item\"><input type=\"radio\" name=\"paiement\" value=\"J\u2019effectuerai un versement sur le compte CREIS-Terminal\" \/><span class=\"wpcf7-list-item-label\">J\u2019effectuerai un versement sur le compte CREIS-Terminal<\/span><\/span><span class=\"wpcf7-list-item\"><input type=\"radio\" name=\"paiement\" value=\"Je joindrai un bon de commande \u00e9tabli \u00e0 l&#039;ordre du CREIS-Terminal\" \/><span class=\"wpcf7-list-item-label\">Je joindrai un bon de commande \u00e9tabli \u00e0 l&#039;ordre du CREIS-Terminal<\/span><\/span><span class=\"wpcf7-list-item last\"><input type=\"radio\" name=\"paiement\" value=\"Je souhaite que vous m\u2019envoyiez une facture par courrier \u00e9lectronique ou \u00e0 mon adresse\" \/><span class=\"wpcf7-list-item-label\">Je souhaite que vous m\u2019envoyiez une facture par courrier \u00e9lectronique ou \u00e0 mon adresse<\/span><\/span><\/span><\/span>\n<\/p>\n<p>Remarques suppl\u00e9mentaires\n<\/p>\n<p><span class=\"wpcf7-form-control-wrap\" data-name=\"remarques\"><textarea cols=\"40\" rows=\"10\" maxlength=\"2000\" class=\"wpcf7-form-control wpcf7-textarea\" aria-invalid=\"false\" placeholder=\"Si vous avez d&#039;autres informations, questions ou suggestions \u00e0 nous faire part\" name=\"remarques\"><\/textarea><\/span>\n<\/p>\n<p>Afin d'\u00e9viter les spams et autres robots, veuillez reproduire le code indiqu\u00e9 ci-dessous, puis cliquez sur ENVOYER\n<\/p>\n<p><input type=\"hidden\" name=\"_wpcf7_captcha_challenge_captcha-30\" value=\"4270493385\" \/><img loading=\"lazy\" decoding=\"async\" class=\"wpcf7-form-control wpcf7-captchac wpcf7-captcha-captcha-30\" width=\"84\" height=\"28\" alt=\"captcha\" src=\"https:\/\/www.lecreis.org\/creis\/wp-content\/uploads\/wpcf7_captcha\/4270493385.png\" \/><span class=\"wpcf7-form-control-wrap\" data-name=\"captcha-30\"><input size=\"4\" maxlength=\"4\" class=\"wpcf7-form-control wpcf7-captchar\" autocomplete=\"off\" aria-invalid=\"false\" value=\"\" type=\"text\" name=\"captcha-30\" \/><\/span>\n<\/p>\n<p><input class=\"wpcf7-form-control wpcf7-submit has-spinner\" type=\"submit\" value=\"Envoyer\" \/>\n<\/p>\n<p><span class=\"wpcf7-form-control-wrap\" data-name=\"email-106\"><input size=\"40\" maxlength=\"400\" class=\"wpcf7-form-control wpcf7-email wpcf7-text wpcf7-validates-as-email\" aria-invalid=\"false\" value=\"\" type=\"email\" name=\"email-106\" \/><\/span>\n<\/p><p style=\"display: none !important;\" class=\"akismet-fields-container\" data-prefix=\"_wpcf7_ak_\"><label>&#916;<textarea name=\"_wpcf7_ak_hp_textarea\" cols=\"45\" rows=\"8\" maxlength=\"100\"><\/textarea><\/label><input type=\"hidden\" id=\"ak_js_1\" name=\"_wpcf7_ak_js\" value=\"31\"\/><script type=\"text\/javascript\">\n\/* <![CDATA[ *\/\ndocument.getElementById( \"ak_js_1\" ).setAttribute( \"value\", ( new Date() ).getTime() );\n\/* ]]> *\/\n<\/script>\n<\/p><div class=\"wpcf7-response-output\" aria-hidden=\"true\"><\/div>\n<\/form>\n<\/div>\n\n<p>En cliquant sur \u00ab\u00a0Envoyer\u00a0\u00bb, vous vous engagez \u00e0 adh\u00e9rer \u00e0 CREIS-Terminal en acceptant ses statuts (adh\u00e9sion du 1er janvier au 31 d\u00e9cembre de l&rsquo;ann\u00e9e en cours).<\/p>\n<p>Le montant de l&rsquo;inscription est \u00e0 r\u00e9gler<\/p>\n<ul>\n<li>soit par virement (en pr\u00e9cisant dans l&rsquo;objet vos pr\u00e9nom et nom)\n<p class=\"western\" align=\"left\"><span style=\"font-family: Arial, sans-serif;\"><span style=\"font-size: small;\">CREIS-Terminal La Banque postale Dijon 553081N&nbsp;&nbsp; <\/span><\/span><span style=\"font-family: Times New Roman, serif;\"><span style=\"font-size: small;\">IBAN : FR94 2004 1010 0405 5308 1N02 579 BIC : PSSTFRPPDIJ<\/span><\/span><\/p>\n<\/li>\n<li>soit par ch\u00e8que, \u00e0 l&rsquo;ordre de CREIS-Terminal \u00e0 l&rsquo;adresse suivante :<\/li>\n<\/ul>\n<p>Maurice Liscou\u00ebt Tr\u00e9sorier<br \/>\nCREIS -Terminal<br \/>\n20 rue des Iris<br \/>\n44980 Sainte-Luce-sur-Loire<\/p>\n<p><em>Selon la loi Informatique et Libert\u00e9s n\u00b078-17 du 6\/01\/78, je b\u00e9n\u00e9ficie d&rsquo;un droit d&rsquo;acc\u00e8s et de rectification en m&rsquo;adressant \u00e0 contact at lecreis.org<br \/>\n<\/em><\/p>\n","protected":false},"excerpt":{"rendered":"<p>Bulletin d&rsquo;adh\u00e9sion <\/p>\n<p>Pour adh\u00e9rer \u00e0 l&rsquo;association CREIS-Terminal, il vous suffit de remplir correctement le formulaire suivant, apr\u00e8s avoir consult\u00e9 les <a href=\"\/?page_id=1001\">statuts<\/a> et d&rsquo;envoyer un ch\u00e8que \u00e0 l&rsquo;adresse pr\u00e9cis\u00e9e.<\/p>\n<p>Pour obtenir plus d&rsquo;informations, vous pouvez envoyer un <a href=\"mailto:contact@lecreis.org\">mail<\/a> \u00e0 l&rsquo;association.<\/p>\n<p>Modalit\u00e9s d&rsquo;inscription<\/p>\n<p>En cliquant sur \u00ab\u00a0Envoyer\u00a0\u00bb, vous vous engagez \u00e0 adh\u00e9rer \u00e0 CREIS-Terminal en &hellip; <\/p>\n<p><a class=\"more-link btn\" href=\"https:\/\/www.lecreis.org\/?page_id=519\">Lire la suite<\/a><\/p>\n","protected":false},"author":4,"featured_media":0,"parent":0,"menu_order":0,"comment_status":"open","ping_status":"open","template":"","meta":{"footnotes":""},"class_list":["post-519","page","type-page","status-publish","hentry","nodate","item-wrap"],"_links":{"self":[{"href":"https:\/\/www.lecreis.org\/index.php?rest_route=\/wp\/v2\/pages\/519","targetHints":{"allow":["GET"]}}],"collection":[{"href":"https:\/\/www.lecreis.org\/index.php?rest_route=\/wp\/v2\/pages"}],"about":[{"href":"https:\/\/www.lecreis.org\/index.php?rest_route=\/wp\/v2\/types\/page"}],"author":[{"embeddable":true,"href":"https:\/\/www.lecreis.org\/index.php?rest_route=\/wp\/v2\/users\/4"}],"replies":[{"embeddable":true,"href":"https:\/\/www.lecreis.org\/index.php?rest_route=%2Fwp%2Fv2%2Fcomments&post=519"}],"version-history":[{"count":25,"href":"https:\/\/www.lecreis.org\/index.php?rest_route=\/wp\/v2\/pages\/519\/revisions"}],"predecessor-version":[{"id":3085,"href":"https:\/\/www.lecreis.org\/index.php?rest_route=\/wp\/v2\/pages\/519\/revisions\/3085"}],"wp:attachment":[{"href":"https:\/\/www.lecreis.org\/index.php?rest_route=%2Fwp%2Fv2%2Fmedia&parent=519"}],"curies":[{"name":"wp","href":"https:\/\/api.w.org\/{rel}","templated":true}]}}