{"id":939,"date":"2011-07-21T19:25:16","date_gmt":"2011-07-21T19:25:16","guid":{"rendered":"http:\/\/www.lecreis.org\/creis\/?page_id=939"},"modified":"2025-10-09T12:40:05","modified_gmt":"2025-10-09T12:40:05","slug":"liste-des-journees-detude","status":"publish","type":"page","link":"https:\/\/www.lecreis.org\/?page_id=939","title":{"rendered":"Liste des journ\u00e9es d&rsquo;\u00e9tude et d\u00e9bats en ligne"},"content":{"rendered":"<div><a href=\"https:\/\/www.lecreis.org\/?p=3589\" target=\"_blank\" rel=\"noopener\">L&rsquo;intelligence artificielle g\u00e9n\u00e9rative et l&rsquo;enjeu des donn\u00e9es personnelles<\/a> le 29 novembre 2024, MSH Paris-Nord et en ligne<\/div>\n<div><\/div>\n<div><a href=\"https:\/\/www.lecreis.org\/?p=3431\" target=\"_blank\" rel=\"noopener\">Enjeux et perspectives d&rsquo;une soci\u00e9t\u00e9 en cours de plateformisation<\/a> le 7 d\u00e9cembre 2023, MSH Paris-Nord et en ligne<\/div>\n<div><\/div>\n<div><a href=\"https:\/\/www.lecreis.org\/?p=3264\" target=\"_blank\" rel=\"noopener\">Quelques perspectives juridiques sur la gestion algorithmique du travail<\/a> le 7 octobre 2022, d\u00e9bat en ligne<\/div>\n<div><\/div>\n<div><a href=\"https:\/\/www.lecreis.org\/?p=3060\">Interconnexions entre transitions num\u00e9rique et \u00e9cologique<\/a> le 9 juin 2022,\u00a0 Campus Condorcet Paris et en ligne<\/div>\n<div><\/div>\n<div><a href=\"http:\/\/www.lecreis.org\/?p=2800\">Blockchain<\/a> : enjeux de s\u00e9curit\u00e9, juridiques, \u00e9conomiques et de co\u00fbts \u00e9nerg\u00e9tiques le 26\/03\/2021, en ligne<\/div>\n<div><\/div>\n<div><a href=\"http:\/\/www.lecreis.org\/?p=2765\">Justice et num\u00e9rique<\/a> le 29\/11\/2019 LDH 138 rue Marcadet Paris<\/div>\n<div><\/div>\n<div><a title=\"Journ\u00e9e d\u2019\u00e9tude CREIS-TERMINAL Les donn\u00e9es de sant\u00e9 aux risques du num\u00e9rique\" href=\"http:\/\/www.lecreis.org\/?p=2670\">Les donn\u00e9es de sant\u00e9 aux risques du num\u00e9rique<\/a> le 22\/03\/2019 \u00e0 T\u00e9l\u00e9com ParisTech 46 rue Barrault 75634 Paris<\/div>\n<div><\/div>\n<div><a title=\"Journ\u00e9e d\u2019\u00e9tude CREIS-TERMINAL Vivre dans un monde sous algorithmes\" href=\"http:\/\/www.lecreis.org\/?p=2473\">Vivre dans un monde sous algorithmes<\/a> le 24\/11\/2017 \u00e0 T\u00e9l\u00e9com ParisTech 46 rue Barrault 75634 Paris<\/div>\n<div><\/div>\n<div>\n<div><a title=\"Journ\u00e9e d\u2019\u00e9tude CREIS-TERMINAL La transformation num\u00e9rique de l'entreprise du futur\" href=\"http:\/\/www.lecreis.org\/?p=2415\">La transformation num\u00e9rique de l&rsquo;entreprise du futur<\/a> le 09\/12\/2016 \u00e0 T\u00e9l\u00e9com ParisTech 46 rue Barrault 75634 Paris<\/div>\n<div><\/div>\n<\/div>\n<div><a title=\"Journ\u00e9e d\u2019\u00e9tude CREIS-TERMINAL Les objets connect\u00e9s : quels enjeux ?\" href=\"http:\/\/www.lecreis.org\/?p=2274\">Les objets connect\u00e9s : quels enjeux?<\/a> le 6\/11\/2015 \u00e0 Paris<\/div>\n<div><\/div>\n<div><a title=\"Lien permanent pour TIC et d\u00e9veloppement durable : enjeux et r\u00e9alit\u00e9s des Green-IT : journ\u00e9e d\u2019\u00e9tude CREIS TERMINAL  le 6\/2\/2014 \u00e0 Montpellier\" href=\"http:\/\/www.lecreis.org\/?p=1852\" rel=\"bookmark\" type=\"_moz\">TIC et d\u00e9veloppement durable : enjeux et r\u00e9alit\u00e9s des Green-IT<\/a>, le 6\/2\/2014 \u00e0 Montpellier<\/div>\n<div><a title=\"Lien permanent pour Cloud Computing :journ\u00e9e d\u2019\u00e9tude CREIS TERMINAL  le 5\/12\/2012 \u00e0 Paris\" href=\"http:\/\/www.lecreis.org\/?p=1658\" rel=\"bookmark\">Cloud Computing<\/a>, le 5\/12\/2012 \u00e0 Paris<\/div>\n<div><\/div>\n<div><a title=\"L\u2019adaptation du droit de la propri\u00e9t\u00e9 intellectuelle \u00e0 la mondialisation et, plus particuli\u00e8rement, \u00e0 l\u2019Internet : Quels int\u00e9r\u00eats ? Quels probl\u00e8mes ? Quels enjeux ?\" href=\"http:\/\/www.lecreis.org\/?p=1484\">L\u2019adaptation du droit de la propri\u00e9t\u00e9 intellectuelle \u00e0 la mondialisation et, plus particuli\u00e8rement, \u00e0 l\u2019Internet : Quels int\u00e9r\u00eats ? Quels probl\u00e8mes ? Quels enjeux ? <\/a>, janvier 2012<\/div>\n<div><\/div>\n<div><a title=\"Le r\u00f4le de l\u2019informatique et des TIC dans les transformations des conditions de travail des salari\u00e9s\" href=\"http:\/\/www.lecreis.org\/?p=175\">Le r\u00f4le de l\u2019informatique et des TIC dans les transformations d<\/a><a title=\"Le r\u00f4le de l\u2019informatique et des TIC dans les transformations des conditions de travail des salari\u00e9s\" href=\"http:\/\/www.lecreis.org\/?p=175\">es conditions de travail des salari\u00e9s<\/a>, juin 2011<\/div>\n<div><\/div>\n<div><a title=\"Des technologies de surveillance \u00e0 l\u2019\u00e9cole ?\" href=\"http:\/\/www.lecreis.org\/?p=168\">Des technologies d<\/a><a title=\"Des technologies de surveillance \u00e0 l\u2019\u00e9cole ?\" href=\"http:\/\/www.lecreis.org\/?p=168\">e surveillance \u00e0 l\u2019\u00e9cole ?<\/a>, juin 2009<\/div>\n<div><\/div>\n<div><a title=\"LA GOUVERNANCE D\u2019INTERNET\" href=\"http:\/\/www.lecreis.org\/?p=170\">La gouvernance d&rsquo;Internet,<\/a> d\u00e9cembre 2009<\/div>\n<div><\/div>\n<div><a title=\"Propri\u00e9t\u00e9 intellectuelle emport\u00e9e par le num\u00e9rique Pour qui ? Les cr\u00e9ateurs, l\u2019industrie ou le public ?\" href=\"http:\/\/www.lecreis.org\/?p=697\">Propri\u00e9t\u00e9 intellectuelle emport\u00e9e par le num\u00e9rique Pour qui ? Les cr\u00e9ateurs, l\u2019industrie ou le public ? <\/a>d\u00e9cembre 2008<\/div>\n<div><\/div>\n<div><a title=\"Identit\u00e9 num\u00e9rique et libert\u00e9s individuelles \u00e0 l\u2019heure des r\u00e9seaux sociaux et du Web 2.0\" href=\"http:\/\/www.lecreis.org\/?p=694\">Identit\u00e9 num\u00e9rique et libert\u00e9s individuelles \u00e0 l\u2019heure des r\u00e9seaux sociaux et du Web 2.0<\/a>, mai 2008<\/div>\n<div><\/div>\n<div><a href=\"http:\/\/www.lecreis.org\/?p=164\">RFID : Quelle soci\u00e9t\u00e9?<\/a>, novembre 2007<\/div>\n<div><\/div>\n<div><a title=\"La d\u00e9mocratie \u00e9lectronique\" href=\"http:\/\/www.lecreis.org\/?p=543\">La d\u00e9mocratie \u00e9lectronique<\/a>, d\u00e9cembre 2006<\/div>\n<div><\/div>\n<div><a title=\"Les donn\u00e9es personnelles et les nouveaux outils d\u2019\u00e9changes\" href=\"http:\/\/www.lecreis.org\/?p=706\">Les donn\u00e9es personnelles et les nouveaux outils d\u2019\u00e9changes(Blogs, Wikis, messageries instantan\u00e9es, Peer-to-Peer, fils RSS, \u2026)<\/a>, juin 2006<\/div>\n<div><\/div>\n<div><a title=\"\u00ab\u00a0Donn\u00e9es personnelles, entre droit et march\u00e9\u00a0\u00bb\" href=\"http:\/\/www.lecreis.org\/?p=154\">Donn\u00e9es personnelles, entre droit et march\u00e9<\/a>, juin 2005<\/div>\n<div><\/div>\n<div><a title=\"La biom\u00e9trie entre s\u00e9curit\u00e9 et contr\u00f4le\" href=\"http:\/\/www.lecreis.org\/?p=145\">La biom\u00e9trie entre s\u00e9curit\u00e9 et contr\u00f4le<\/a>, juin 2003<\/div>\n<div><\/div>\n<div><a title=\"Comment la mondialisation influence-t-elle les r\u00e9glementations nationales des Nouvelles Technologies de l\u2019Information ?\" href=\"http:\/\/www.lecreis.org\/?p=141\">Comment la mondialisation influence-t-elle les r\u00e9glementations nationales des Nouvelles Technologies de l\u2019Information,<\/a> mai 2002<\/div>\n<div><\/div>\n<div><a title=\"Commerce \u00e9lectronique &amp; donn\u00e9es nominatives, enjeux et responsabilit\u00e9s des acteurs\" href=\"http:\/\/www.lecreis.org\/?p=135\">Commerce \u00e9lectronique et donn\u00e9es nominatives: enjeux et responsabilit\u00e9s des acteurs,<\/a> d\u00e9cembre 2000<\/div>\n<div><\/div>\n<div><a title=\"Enjeux socio-\u00e9conomiques li\u00e9s \u00e0 la constitution et \u00e0 l\u2019interconnexion de fichiers de personnes\" href=\"http:\/\/www.lecreis.org\/?p=129\">Enjeux socio-\u00e9conomiques li\u00e9s \u00e0 la constitution et \u00e0 l\u2019interconnexion de fichiers de personnes<\/a> , juin 1999<\/div>\n","protected":false},"excerpt":{"rendered":"<p><a href=\"https:\/\/www.lecreis.org\/?p=3589\" target=\"_blank\" rel=\"noopener\">L&rsquo;intelligence artificielle g\u00e9n\u00e9rative et l&rsquo;enjeu des donn\u00e9es personnelles<\/a> le 29 novembre 2024, MSH Paris-Nord et en ligne <a href=\"https:\/\/www.lecreis.org\/?p=3431\" target=\"_blank\" rel=\"noopener\">Enjeux et perspectives d&rsquo;une soci\u00e9t\u00e9 en cours de plateformisation<\/a> le 7 d\u00e9cembre 2023, MSH Paris-Nord et en ligne <a href=\"https:\/\/www.lecreis.org\/?p=3264\" target=\"_blank\" rel=\"noopener\">Quelques perspectives juridiques sur la gestion algorithmique du travail<\/a> le 7 &hellip; <\/p>\n<p><a class=\"more-link btn\" href=\"https:\/\/www.lecreis.org\/?page_id=939\">Lire la suite<\/a><\/p>\n","protected":false},"author":4,"featured_media":0,"parent":0,"menu_order":0,"comment_status":"open","ping_status":"open","template":"","meta":{"footnotes":""},"class_list":["post-939","page","type-page","status-publish","hentry","nodate","item-wrap"],"_links":{"self":[{"href":"https:\/\/www.lecreis.org\/index.php?rest_route=\/wp\/v2\/pages\/939","targetHints":{"allow":["GET"]}}],"collection":[{"href":"https:\/\/www.lecreis.org\/index.php?rest_route=\/wp\/v2\/pages"}],"about":[{"href":"https:\/\/www.lecreis.org\/index.php?rest_route=\/wp\/v2\/types\/page"}],"author":[{"embeddable":true,"href":"https:\/\/www.lecreis.org\/index.php?rest_route=\/wp\/v2\/users\/4"}],"replies":[{"embeddable":true,"href":"https:\/\/www.lecreis.org\/index.php?rest_route=%2Fwp%2Fv2%2Fcomments&post=939"}],"version-history":[{"count":40,"href":"https:\/\/www.lecreis.org\/index.php?rest_route=\/wp\/v2\/pages\/939\/revisions"}],"predecessor-version":[{"id":3739,"href":"https:\/\/www.lecreis.org\/index.php?rest_route=\/wp\/v2\/pages\/939\/revisions\/3739"}],"wp:attachment":[{"href":"https:\/\/www.lecreis.org\/index.php?rest_route=%2Fwp%2Fv2%2Fmedia&parent=939"}],"curies":[{"name":"wp","href":"https:\/\/api.w.org\/{rel}","templated":true}]}}