{"id":976,"date":"2011-07-25T08:37:13","date_gmt":"2011-07-25T08:37:13","guid":{"rendered":"http:\/\/www.lecreis.org\/creis\/?page_id=976"},"modified":"2020-02-24T16:29:02","modified_gmt":"2020-02-24T16:29:02","slug":"reglement-du-prix","status":"publish","type":"page","link":"https:\/\/www.lecreis.org\/?page_id=976","title":{"rendered":"R\u00e8glement du prix (pour m\u00e9moire)"},"content":{"rendered":"<h3>Article I : Objet du Prix CREIS-Terminal<\/h3>\n<p>Depuis 2000, le CREIS-Terminal, association loi de 1901 n\u00e9e de la fusion du Centre de coordination pour la Recherche et l&rsquo;Enseignement en Informatique et Soci\u00e9t\u00e9 et de la revue TERMINAL, d\u00e9cerne son Prix destin\u00e9 \u00e0 encourager et soutenir les travaux de recherche francophones de jeunes chercheurs dans le champ Informatique et Soci\u00e9t\u00e9. Le prix CREIS-Terminal est d\u00e9cern\u00e9 tous les 2 ans. Les travaux devront avoir \u00e9t\u00e9 r\u00e9dig\u00e9s au cours des trois derni\u00e8res ann\u00e9es.<\/p>\n<h3>Article II : Description du Prix CREIS-Terminal<\/h3>\n<p>Le montant du Prix accord\u00e9 par le CREIS-Terminal est fix\u00e9 par le Conseil d&rsquo;Administration de l&rsquo;association CREIS-Terminal.<\/p>\n<h3>Article III : B\u00e9n\u00e9ficiaires du Prix CREIS-Terminal<\/h3>\n<p>Ce Prix est d\u00e9cern\u00e9 \u00e0 un auteur de m\u00e9moire de troisi\u00e8me cycle et\/ou de travaux de recherche francophones n&rsquo;ayant pas d\u00e9j\u00e0 fait l&rsquo;objet d&rsquo;une publication (Mast\u00e8re, Doctorat) * traitant des relations entre les technologies de l&rsquo;information et de la communication et la soci\u00e9t\u00e9 ; * traitant des enjeux sociaux, juridiques, \u00e9conomiques, culturels et politiques des technologies de l&rsquo;information et de la communication ; * portant un regard critique sur le processus d&rsquo;informatisation de la soci\u00e9t\u00e9. L&rsquo;\u00e9valuation du travail se fera aussi sur les crit\u00e8res d&rsquo;originalit\u00e9, d&rsquo;\u00e9criture et d&rsquo;analyse.<\/p>\n<h3>Article IV : Publicit\u00e9 du concours<\/h3>\n<p>Un appel \u00e0 concourir est diffus\u00e9 par courrier \u00e9lectronique, listes de diffusion, forums sur Internet, sur le site Web du CREIS, par voie d&rsquo;affiches, \u00e0 chaque \u00e9dition du Prix CREIS-Terminal. Un communiqu\u00e9 est diffus\u00e9 aupr\u00e8s de la presse.<\/p>\n<h3>Article V : Pr\u00e9sentation du projet<\/h3>\n<p>Les personnes d\u00e9sirant poser leur candidature pour l&rsquo;obtention du Prix CREIS-Terminal doivent se faire conna\u00eetre avant la date indiqu\u00e9e dans l&rsquo;appel \u00e0 chaque \u00e9dition. Elles adressent au secr\u00e9tariat du Prix, dont les coordonn\u00e9es sont indiqu\u00e9es sur l&rsquo;appel, <strong>un r\u00e9sum\u00e9 de trois \u00e0 cinq pages de leur travail, ainsi qu&rsquo;un Curriculum Vitae par courrier \u00e9lectronique<\/strong>. Apr\u00e8s avoir re\u00e7u un courriel de notification d&rsquo;admissibilit\u00e9, les candidats doivent envoyer avant la date limite <strong>trois exemplaires<\/strong> imprim\u00e9s de leurs travaux, par courrier postal, accompagn\u00e9s du r\u00e9sum\u00e9. Les travaux sont lus au minimum par deux membres du jury.<\/p>\n<h3>Article VI : Le jury<\/h3>\n<p>Le jury est pr\u00e9sid\u00e9 par l\u2019un des membres du jury, nomm\u00e9 \u00e0 cet effet par le CA du CREIS-Terminal. Il est constitu\u00e9 de personnalit\u00e9s scientifiques et professionnelles. Ces personnalit\u00e9s sont choisies par le Conseil d&rsquo;Administration de l&rsquo;association CREIS-Terminal.<\/p>\n<h3>Article VII : La remise du Prix CREIS-Terminal<\/h3>\n<p>Le laur\u00e9at re\u00e7oit le ch\u00e8que du Prix, \u00e0 l&rsquo;occasion d&rsquo;une manifestation du CREIS-Terminal (colloque, journ\u00e9e d&rsquo;\u00e9tude,\u2026). Sa pr\u00e9sence et sa contribution par un discours sont demand\u00e9es. Dans le cas o\u00f9 le laur\u00e9at serait dans l&rsquo;impossibilit\u00e9 de se d\u00e9placer, il devra contacter le secr\u00e9tariat du Prix CREIS-Terminal et lui remettre le texte de son discours qui sera lu par un des membres du jury. Le texte du discours ainsi que le r\u00e9sum\u00e9 du travail seront diffus\u00e9s sur le site Web du CREIS-Terminal. Le Prix remis au candidat est une aide \u00e0 la publication de son travail de recherche. Le laur\u00e9at indiquera dans la publication que son travail a re\u00e7u le Prix CREIS-Terminal.<\/p>\n<p><a href=\"http:\/\/www.lecreis.org\/creis\/wp-content\/uploads\/pictos-pdf.gif\"><img loading=\"lazy\" decoding=\"async\" class=\"alignleft size-full wp-image-76\" title=\"pictos-pdf\" alt=\"\" src=\"http:\/\/www.lecreis.org\/creis\/wp-content\/uploads\/pictos-pdf.gif\" width=\"32\" height=\"32\" \/><\/a><a title=\"R\u00e8glement du Prix CREIS-TERMINAL\" href=\"..\/wp-content\/uploads\/Prix_du_CREIS-Terminal-reglement.pdf\" target=\"_blank\">T\u00e9l\u00e9charger le R\u00e8glement en fichier pdf<\/a><\/p>\n","protected":false},"excerpt":{"rendered":"<p>Article I : Objet du Prix CREIS-Terminal <\/p>\n<p>Depuis 2000, le CREIS-Terminal, association loi de 1901 n\u00e9e de la fusion du Centre de coordination pour la Recherche et l&rsquo;Enseignement en Informatique et Soci\u00e9t\u00e9 et de la revue TERMINAL, d\u00e9cerne son Prix destin\u00e9 \u00e0 encourager et soutenir les travaux de recherche francophones de jeunes chercheurs dans le &hellip; <\/p>\n<p><a class=\"more-link btn\" href=\"https:\/\/www.lecreis.org\/?page_id=976\">Lire la suite<\/a><\/p>\n","protected":false},"author":4,"featured_media":0,"parent":0,"menu_order":0,"comment_status":"open","ping_status":"open","template":"","meta":{"footnotes":""},"class_list":["post-976","page","type-page","status-publish","hentry","nodate","item-wrap"],"_links":{"self":[{"href":"https:\/\/www.lecreis.org\/index.php?rest_route=\/wp\/v2\/pages\/976","targetHints":{"allow":["GET"]}}],"collection":[{"href":"https:\/\/www.lecreis.org\/index.php?rest_route=\/wp\/v2\/pages"}],"about":[{"href":"https:\/\/www.lecreis.org\/index.php?rest_route=\/wp\/v2\/types\/page"}],"author":[{"embeddable":true,"href":"https:\/\/www.lecreis.org\/index.php?rest_route=\/wp\/v2\/users\/4"}],"replies":[{"embeddable":true,"href":"https:\/\/www.lecreis.org\/index.php?rest_route=%2Fwp%2Fv2%2Fcomments&post=976"}],"version-history":[{"count":6,"href":"https:\/\/www.lecreis.org\/index.php?rest_route=\/wp\/v2\/pages\/976\/revisions"}],"predecessor-version":[{"id":2810,"href":"https:\/\/www.lecreis.org\/index.php?rest_route=\/wp\/v2\/pages\/976\/revisions\/2810"}],"wp:attachment":[{"href":"https:\/\/www.lecreis.org\/index.php?rest_route=%2Fwp%2Fv2%2Fmedia&parent=976"}],"curies":[{"name":"wp","href":"https:\/\/api.w.org\/{rel}","templated":true}]}}