{"id":981,"date":"2014-12-09T21:27:38","date_gmt":"2014-12-09T21:27:38","guid":{"rendered":"http:\/\/www.lecreis.org\/creis\/?page_id=981"},"modified":"2020-02-24T16:26:17","modified_gmt":"2020-02-24T16:26:17","slug":"presentation-du-prix-3","status":"publish","type":"page","link":"https:\/\/www.lecreis.org\/?page_id=981","title":{"rendered":"Pr\u00e9sentation du Prix"},"content":{"rendered":"<h3 style=\"text-align: left;\">De <strong>2000 \u00e0 2015<\/strong>, CREIS-Terminal (Centre de coordination pour la Recherche et l&rsquo;Enseignement en Informatique et Soci\u00e9t\u00e9-Terminal), a d\u00e9cern\u00e9 un <strong>Prix destin\u00e9 \u00e0 encourager et soutenir les travaux de recherche francophones de jeunes chercheurs dans le champ Informatique et Soci\u00e9t\u00e9<\/strong>.<\/h3>\n<p>&nbsp;<\/p>\n","protected":false},"excerpt":{"rendered":"<p>De 2000 \u00e0 2015, CREIS-Terminal (Centre de coordination pour la Recherche et l&rsquo;Enseignement en Informatique et Soci\u00e9t\u00e9-Terminal), a d\u00e9cern\u00e9 un Prix destin\u00e9 \u00e0 encourager et soutenir les travaux de recherche francophones de jeunes chercheurs dans le champ Informatique et Soci\u00e9t\u00e9. <\/p>\n<p>&nbsp;<\/p>\n","protected":false},"author":4,"featured_media":0,"parent":0,"menu_order":0,"comment_status":"open","ping_status":"open","template":"","meta":{"footnotes":""},"class_list":["post-981","page","type-page","status-publish","hentry","nodate","item-wrap"],"_links":{"self":[{"href":"https:\/\/www.lecreis.org\/index.php?rest_route=\/wp\/v2\/pages\/981","targetHints":{"allow":["GET"]}}],"collection":[{"href":"https:\/\/www.lecreis.org\/index.php?rest_route=\/wp\/v2\/pages"}],"about":[{"href":"https:\/\/www.lecreis.org\/index.php?rest_route=\/wp\/v2\/types\/page"}],"author":[{"embeddable":true,"href":"https:\/\/www.lecreis.org\/index.php?rest_route=\/wp\/v2\/users\/4"}],"replies":[{"embeddable":true,"href":"https:\/\/www.lecreis.org\/index.php?rest_route=%2Fwp%2Fv2%2Fcomments&post=981"}],"version-history":[{"count":12,"href":"https:\/\/www.lecreis.org\/index.php?rest_route=\/wp\/v2\/pages\/981\/revisions"}],"predecessor-version":[{"id":2809,"href":"https:\/\/www.lecreis.org\/index.php?rest_route=\/wp\/v2\/pages\/981\/revisions\/2809"}],"wp:attachment":[{"href":"https:\/\/www.lecreis.org\/index.php?rest_route=%2Fwp%2Fv2%2Fmedia&parent=981"}],"curies":[{"name":"wp","href":"https:\/\/api.w.org\/{rel}","templated":true}]}}