{"id":994,"date":"2011-07-25T08:59:57","date_gmt":"2011-07-25T08:59:57","guid":{"rendered":"http:\/\/www.lecreis.org\/creis\/?page_id=994"},"modified":"2011-07-25T15:30:15","modified_gmt":"2011-07-25T15:30:15","slug":"presentation-de-lassociation-creis-terminal","status":"publish","type":"page","link":"https:\/\/www.lecreis.org\/?page_id=994","title":{"rendered":"Pr\u00e9sentation de l&rsquo;association CREIS-TERMINAL"},"content":{"rendered":"<p>L\u2019association CREIS-Terminal est n\u00e9e de la fusion en 2010 des associations Creis (cr\u00e9\u00e9e en 1984) et CIII-Terminal (cr\u00e9\u00e9e en 1979) qui \u00e9dite la revue TERMINAL.<br \/>\nCREIS-Terminal entend poursuivre son d\u00e9veloppement dans l&rsquo;espace francophone et en Europe.<\/p>\n<p>Il a pour objectifs principaux de :<\/p>\n<ul>\n<li><strong><em>r\u00e9aliser et diffuser<\/em><\/strong><em> <\/em>des recherches concernant les multiples interactions entre les Technologies de l\u2019Information et de la Communication et la Soci\u00e9t\u00e9 ;<\/li>\n<li><strong><em>confronter<\/em><\/strong><em> <\/em>les exp\u00e9riences p\u00e9dagogiques et faciliter les \u00e9changes autour du th\u00e8me \u201cInformatique et Soci\u00e9t\u00e9\u201d ;<\/li>\n<li><strong><em>organiser<\/em><\/strong> des actions de sensibilisation aux cons\u00e9-quences sociales, \u00e9conomiques, politiques, juridiques, cultu-relles de l\u2019informatisation de la soci\u00e9t\u00e9, aupr\u00e8s de publics vari\u00e9s (colloques, journ\u00e9es d&rsquo;\u00e9tude, rencontres-d\u00e9bats, \u2026)<\/li>\n<li><strong><em>agir<\/em><\/strong> aupr\u00e8s des organismes publics ou priv\u00e9s.<\/li>\n<li><strong><em>faire savoir<\/em><\/strong> \u00e0 travers ses publications, et notamment son bulletin semestriel, ses journ\u00e9es d\u2019\u00e9tudes, ses colloques, son site Internet et sa revue TERMINAL.<\/li>\n<\/ul>\n<p>CREIS-Terminal maintient un niveau de liaison r\u00e9gulier et dynamique. Une liste de diffusion facilite les \u00e9changes entre tous les membres. Pour s\u2019inscrire <em><a href=\"mailto:Contact@lecreis.org\">contact@lecreis.org<\/a> <\/em><\/p>\n<p>Compos\u00e9 principalement de chercheurs et d\u2019enseignants de disciplines vari\u00e9es (droit, \u00e9conomie, gestion, informatique, psychologie, sociologie&#8230;) et de praticiens de secteurs vari\u00e9s, le CREIS-Terminal est aussi ouvert \u00e0 toute personne qui en accepte les buts et les statuts.<\/p>\n<p><strong>TERMINAL<\/strong> est une revue de r\u00e9flexion critique sur les mutations de la soci\u00e9t\u00e9 \u00e0 partir de la question des NTI et du d\u00e9veloppement d&rsquo;Internet. Autour d\u2019informaticiens, de sociologues et de syndicalistes, Terminal s\u2019attache \u00e0 une r\u00e9flexion pluridisciplinaire et transversale sur les enjeux culturels et sociaux de l\u2019informatisation. Terminal existe depuis 1980, d\u2019abord magasine bimensuel et, depuis 1993, revue trimestrielle. Chaque num\u00e9ro comporte un dossier th\u00e9matique, en collaboration avec des associations, des laboratoires universitaires ou de chercheurs ind\u00e9pendants.<\/p>\n<p>La revue est  co-\u00e9dit\u00e9e par L\u2019Harmattan et l&rsquo;association CREIS-Terminal sous la direction d&rsquo;un comit\u00e9 de r\u00e9daction. Elle est dot\u00e9e d\u2019un Conseil scientifique pour  mieux appr\u00e9hender la r\u00e9alit\u00e9 sociale des nouvelles technologies \u00e0 travers le prisme de la r\u00e9flexion scientifique ou de la pratique sociale.<\/p>\n<p>Int\u00e9gr\u00e9s dans diverses \u00e9quipes de recherche, les membres du CREIS-Terminal ont publi\u00e9 ouvrages et articles sur les th\u00e8mes suivants :<\/p>\n<ul>\n<li><em>Informatique et libert\u00e9s (I&amp;S)<\/em><\/li>\n<\/ul>\n<ul>\n<li><em>Communication homme-machine et ergonomie<\/em><\/li>\n<\/ul>\n<ul>\n<li><em> Conditions d\u2019acceptation sociale des syst\u00e8mes automatis\u00e9s<\/em><\/li>\n<\/ul>\n<ul>\n<li><em> Impacts sociaux de l\u2019informatisation<\/em><\/li>\n<\/ul>\n<ul>\n<li><em> Histoire et \u00e9pist\u00e9mologie de l\u2019informatique<\/em><\/li>\n<\/ul>\n<ul>\n<li><em> Industrie et informatique<\/em><\/li>\n<\/ul>\n<ul>\n<li><em> Informatisation des pays en voie de d\u00e9veloppement<\/em><\/li>\n<\/ul>\n<ul>\n<li><em> Enjeux de l\u2019informatique en Europe<\/em><\/li>\n<\/ul>\n<ul>\n<li><em> R\u00e9seaux et t\u00e9l\u00e9communications<\/em><\/li>\n<\/ul>\n<ul>\n<li><em> Vuln\u00e9rabilit\u00e9 et S\u00e9curit\u00e9 de syst\u00e8mes informatiques<\/em><\/li>\n<\/ul>\n<ul>\n<li><em> e-sant\u00e9, e-formation, e-d\u00e9mocratie<\/em><\/li>\n<\/ul>\n<p>Enseignants \u00e0 l&rsquo;Universit\u00e9, dans les IUT ou les lyc\u00e9es, les membres de CREIS-Terminal ont pour objectif de former les futurs informaticiens, les usagers de l\u2019informatique et les formateurs eux-m\u00eames, aux enjeux li\u00e9s \u00e0 l\u2019informatisation de la soci\u00e9t\u00e9.<\/p>\n<p>Le CREIS-Terminal  a vocation \u00e0 participer \u00e0 l\u2019\u00e9laboration des programmes p\u00e9dagogiques nationaux et \u00e0 s\u2019associer aux projets d\u2019informatisation et de connexion \u00e0 l\u2019Internet des \u00e9tablissements scolaires.<\/p>\n<p>Le CREIS-Terminal travaille en liaison avec de nombreuses associations, au niveau national et international. Son site Internet permet de trouver des informations : textes de lois, ouvrages de base, annonces de colloques, actualit\u00e9s en I&amp;S, et des liens avec des associations travaillant sur des th\u00e8mes voisins, documents et r\u00e9f\u00e9rences p\u00e9dagogiques.<\/p>\n","protected":false},"excerpt":{"rendered":"<p>L\u2019association CREIS-Terminal est n\u00e9e de la fusion en 2010 des associations Creis (cr\u00e9\u00e9e en 1984) et CIII-Terminal (cr\u00e9\u00e9e en 1979) qui \u00e9dite la revue TERMINAL. CREIS-Terminal entend poursuivre son d\u00e9veloppement dans l&rsquo;espace francophone et en Europe.<\/p>\n<p>Il a pour objectifs principaux de :<\/p>\n<ul>\n<li>r\u00e9aliser et diffuser des recherches concernant les multiples interactions entre les &hellip;\n<p><a class=\"more-link btn\" href=\"https:\/\/www.lecreis.org\/?page_id=994\">Lire la suite<\/a><\/p>\n<\/li>\n<\/ul>\n","protected":false},"author":4,"featured_media":0,"parent":0,"menu_order":0,"comment_status":"open","ping_status":"open","template":"","meta":{"footnotes":""},"class_list":["post-994","page","type-page","status-publish","hentry","nodate","item-wrap"],"_links":{"self":[{"href":"https:\/\/www.lecreis.org\/index.php?rest_route=\/wp\/v2\/pages\/994","targetHints":{"allow":["GET"]}}],"collection":[{"href":"https:\/\/www.lecreis.org\/index.php?rest_route=\/wp\/v2\/pages"}],"about":[{"href":"https:\/\/www.lecreis.org\/index.php?rest_route=\/wp\/v2\/types\/page"}],"author":[{"embeddable":true,"href":"https:\/\/www.lecreis.org\/index.php?rest_route=\/wp\/v2\/users\/4"}],"replies":[{"embeddable":true,"href":"https:\/\/www.lecreis.org\/index.php?rest_route=%2Fwp%2Fv2%2Fcomments&post=994"}],"version-history":[{"count":5,"href":"https:\/\/www.lecreis.org\/index.php?rest_route=\/wp\/v2\/pages\/994\/revisions"}],"predecessor-version":[{"id":3453,"href":"https:\/\/www.lecreis.org\/index.php?rest_route=\/wp\/v2\/pages\/994\/revisions\/3453"}],"wp:attachment":[{"href":"https:\/\/www.lecreis.org\/index.php?rest_route=%2Fwp%2Fv2%2Fmedia&parent=994"}],"curies":[{"name":"wp","href":"https:\/\/api.w.org\/{rel}","templated":true}]}}